{"id":3170,"date":"2025-08-28T13:54:44","date_gmt":"2025-08-28T13:54:44","guid":{"rendered":"https:\/\/demo-fredrikstadautosenter.p05.caddiesoft.com\/?page_id=3170"},"modified":"2025-09-15T12:20:17","modified_gmt":"2025-09-15T12:20:17","slug":"subaru","status":"publish","type":"page","link":"https:\/\/demo-fredrikstadautosenter.p05.caddiesoft.com\/?page_id=3170","title":{"rendered":"Subaru"},"content":{"rendered":"\t\t<div data-elementor-type=\"wp-page\" data-elementor-id=\"3170\" class=\"elementor elementor-3170\" data-elementor-post-type=\"page\">\n\t\t\t\t<div class=\"elementor-element elementor-element-617e0e4 section e-flex e-con-boxed e-con e-parent\" data-id=\"617e0e4\" data-element_type=\"container\" data-e-type=\"container\">\n\t\t\t\t\t<div class=\"e-con-inner\">\n\t\t\t\t<div class=\"elementor-element elementor-element-c7e3f83 elementor-widget elementor-widget-image\" data-id=\"c7e3f83\" data-element_type=\"widget\" data-e-type=\"widget\" data-widget_type=\"image.default\">\n\t\t\t\t\t\t\t\t\t\t\t\t\t\t\t<img fetchpriority=\"high\" decoding=\"async\" width=\"355\" height=\"268\" src=\"https:\/\/demo-fredrikstadautosenter.p05.caddiesoft.com\/wp-content\/uploads\/2025\/06\/subaru_logo_hvit.webp\" class=\"attachment-large size-large wp-image-1689\" alt=\"Seks hvite stjerner i en hvit oval over store bokstaver.\" srcset=\"https:\/\/demo-fredrikstadautosenter.p05.caddiesoft.com\/wp-content\/uploads\/2025\/06\/subaru_logo_hvit.webp 355w, https:\/\/demo-fredrikstadautosenter.p05.caddiesoft.com\/wp-content\/uploads\/2025\/06\/subaru_logo_hvit-300x226.webp 300w\" sizes=\"(max-width: 355px) 100vw, 355px\" \/>\t\t\t\t\t\t\t\t\t\t\t\t\t\t\t<\/div>\n\t\t\t\t<div class=\"elementor-element elementor-element-44cf7b6 elementor-widget elementor-widget-heading\" data-id=\"44cf7b6\" data-element_type=\"widget\" data-e-type=\"widget\" data-widget_type=\"heading.default\">\n\t\t\t\t\t<h1 class=\"elementor-heading-title elementor-size-default\">Subaru \u2013 kj\u00f8reglede med full kontroll<\/h1>\t\t\t\t<\/div>\n\t\t<div class=\"elementor-element elementor-element-8e90bf5 e-con-full text-block e-flex e-con e-child\" data-id=\"8e90bf5\" data-element_type=\"container\" data-e-type=\"container\">\n\t\t\t\t<div class=\"elementor-element elementor-element-cac05c0 elementor-widget elementor-widget-text-editor\" data-id=\"cac05c0\" data-element_type=\"widget\" data-e-type=\"widget\" data-widget_type=\"text-editor.default\">\n\t\t\t\t\t\t\t\t\t<p>Subaru er kjent for sin legendariske firehjulstrekk, driftssikkerhet og trygghet p\u00e5 alle veier og i all slags v\u00e6r. Med fokus p\u00e5 sikkerhet, kvalitet og praktiske l\u00f8sninger f\u00e5r du en bil som b\u00e5de leverer kj\u00f8reglede og t\u00e5ler t\u00f8ffe forhold. Enten du trenger en robust familiebil eller en eventyrklar SUV, finner du en Subaru som passer deg.<\/p>\t\t\t\t\t\t\t\t<\/div>\n\t\t\t\t<\/div>\n\t\t\t\t<div class=\"elementor-element elementor-element-50ce584 elementor-grid-2 elementor-grid-tablet-2 elementor-grid-mobile-1 elementor-widget elementor-widget-loop-grid\" data-id=\"50ce584\" data-element_type=\"widget\" data-e-type=\"widget\" data-settings=\"{&quot;template_id&quot;:&quot;3151&quot;,&quot;columns&quot;:2,&quot;_skin&quot;:&quot;post&quot;,&quot;columns_tablet&quot;:&quot;2&quot;,&quot;columns_mobile&quot;:&quot;1&quot;,&quot;edit_handle_selector&quot;:&quot;[data-elementor-type=\\&quot;loop-item\\&quot;]&quot;,&quot;row_gap&quot;:{&quot;unit&quot;:&quot;px&quot;,&quot;size&quot;:&quot;&quot;,&quot;sizes&quot;:[]},&quot;row_gap_tablet&quot;:{&quot;unit&quot;:&quot;px&quot;,&quot;size&quot;:&quot;&quot;,&quot;sizes&quot;:[]},&quot;row_gap_mobile&quot;:{&quot;unit&quot;:&quot;px&quot;,&quot;size&quot;:&quot;&quot;,&quot;sizes&quot;:[]}}\" data-widget_type=\"loop-grid.post\">\n\t\t\t\t<div class=\"elementor-widget-container\">\n\t\t\t\t\t\t\t<div class=\"elementor-loop-container elementor-grid\" role=\"list\">\n\t\t<style id=\"loop-dynamic-3151\">.e-loop-item-94 .elementor-element.elementor-element-35e55a7:not(.elementor-motion-effects-element-type-background), .e-loop-item-94 .elementor-element.elementor-element-35e55a7 > .elementor-motion-effects-container > .elementor-motion-effects-layer{background-image:url(\"https:\/\/demo-fredrikstadautosenter.p05.caddiesoft.com\/wp-content\/uploads\/2026\/01\/gillgruppen_subaru_solterra_2026_vinter_garanti_1920x1080.webp\");}<\/style><style id=\"loop-3151\">.elementor-3151 .elementor-element.elementor-element-9df2e38{--display:flex;--flex-direction:row;--container-widget-width:initial;--container-widget-height:100%;--container-widget-flex-grow:1;--container-widget-align-self:stretch;--flex-wrap-mobile:wrap;}.elementor-3151 .elementor-element.elementor-element-35e55a7{--display:flex;}.elementor-3151 .elementor-element.elementor-element-ab6c30e{--display:flex;}.elementor-3151 .elementor-element.elementor-element-d5b0a57{--display:flex;--gap:0px 0px;--row-gap:0px;--column-gap:0px;}.elementor-3151 .elementor-element.elementor-element-920417f .elementor-heading-title{font-family:var( --e-global-typography-secondary-font-family ), Sans-serif;font-size:var( --e-global-typography-secondary-font-size );font-weight:var( --e-global-typography-secondary-font-weight );line-height:var( --e-global-typography-secondary-line-height );color:var( --e-global-color-secondary );}.elementor-3151 .elementor-element.elementor-element-4e1146b{font-family:var( --e-global-typography-secondary-font-family ), Sans-serif;font-size:var( --e-global-typography-secondary-font-size );font-weight:var( --e-global-typography-secondary-font-weight );line-height:var( --e-global-typography-secondary-line-height );color:var( --e-global-color-accent );}.elementor-3151 .elementor-element.elementor-element-bd50013{color:var( --e-global-color-secondary );}@media(max-width:1024px){.elementor-3151 .elementor-element.elementor-element-920417f .elementor-heading-title{font-size:var( --e-global-typography-secondary-font-size );line-height:var( --e-global-typography-secondary-line-height );}.elementor-3151 .elementor-element.elementor-element-4e1146b{font-size:var( --e-global-typography-secondary-font-size );line-height:var( --e-global-typography-secondary-line-height );}}@media(max-width:767px){.elementor-3151 .elementor-element.elementor-element-920417f .elementor-heading-title{font-size:var( --e-global-typography-secondary-font-size );line-height:var( --e-global-typography-secondary-line-height );}.elementor-3151 .elementor-element.elementor-element-4e1146b{font-size:var( --e-global-typography-secondary-font-size );line-height:var( --e-global-typography-secondary-line-height );}}<\/style>\t\t<div data-elementor-type=\"loop-item\" data-elementor-id=\"3151\" class=\"elementor elementor-3151 e-loop-item e-loop-item-94 post-94 bil type-bil status-publish has-post-thumbnail hentry merke-subaru\" data-elementor-post-type=\"elementor_library\" data-custom-edit-handle=\"1\">\n\t\t\t<a class=\"elementor-element elementor-element-9df2e38 scale e-flex e-con-boxed e-con e-parent\" data-id=\"9df2e38\" data-element_type=\"container\" data-e-type=\"container\" href=\"https:\/\/demo-fredrikstadautosenter.p05.caddiesoft.com\/?bil=solterra-awd\">\n\t\t\t\t\t<div class=\"e-con-inner\">\n\t\t<div class=\"elementor-element elementor-element-35e55a7 e-con-full rounded image widescreen e-flex e-con e-child\" data-id=\"35e55a7\" data-element_type=\"container\" data-e-type=\"container\" data-settings=\"{&quot;background_background&quot;:&quot;classic&quot;}\">\n\t\t\t\t<\/div>\n\t\t<div class=\"elementor-element elementor-element-ab6c30e e-con-full e-flex e-con e-child\" data-id=\"ab6c30e\" data-element_type=\"container\" data-e-type=\"container\">\n\t\t<div class=\"elementor-element elementor-element-d5b0a57 e-con-full e-flex e-con e-child\" data-id=\"d5b0a57\" data-element_type=\"container\" data-e-type=\"container\">\n\t\t\t\t<div class=\"elementor-element elementor-element-920417f elementor-widget elementor-widget-theme-post-title elementor-page-title elementor-widget-heading\" data-id=\"920417f\" data-element_type=\"widget\" data-e-type=\"widget\" data-widget_type=\"theme-post-title.default\">\n\t\t\t\t\t<h2 class=\"elementor-heading-title elementor-size-default\">Solterra 2026<\/h2>\t\t\t\t<\/div>\n\t\t\t\t<div class=\"elementor-element elementor-element-4e1146b elementor-widget elementor-widget-text-editor\" data-id=\"4e1146b\" data-element_type=\"widget\" data-e-type=\"widget\" data-widget_type=\"text-editor.default\">\n\t\t\t\t\t\t\t\t\tFra kr. 559.900,-\t\t\t\t\t\t\t\t<\/div>\n\t\t\t\t<\/div>\n\t\t\t\t<div class=\"elementor-element elementor-element-bd50013 elementor-widget elementor-widget-text-editor\" data-id=\"bd50013\" data-element_type=\"widget\" data-e-type=\"widget\" data-widget_type=\"text-editor.default\">\n\t\t\t\t\t\t\t\t\t<p>L\u00e5n med 0,- innskudd<br \/>\n5180,-\/ pr mnd. f.t inkl. vinterhjul<br \/>\n0,5% rente*<\/p>\n\t\t\t\t\t\t\t\t<\/div>\n\t\t\t\t<\/div>\n\t\t\t\t\t<\/div>\n\t\t\t\t<\/a>\n\t\t\t\t<\/div>\n\t\t\t\t<\/div>\n\t\t\n\t\t\t\t\t\t<\/div>\n\t\t\t\t<\/div>\n\t\t\t\t\t<\/div>\n\t\t\t\t<\/div>\n\t\t<div class=\"elementor-element elementor-element-d75fdab e-flex e-con-boxed e-con e-parent\" data-id=\"d75fdab\" data-element_type=\"container\" data-e-type=\"container\">\n\t\t\t\t\t<div class=\"e-con-inner\">\n\t\t\t\t\t<\/div>\n\t\t\t\t<\/div>\n\t\t\t\t<\/div>\n\t\t","protected":false},"excerpt":{"rendered":"<p>Subaru \u2013 kj\u00f8reglede med full kontroll Subaru er kjent for sin legendariske firehjulstrekk, driftssikkerhet og trygghet p\u00e5 alle veier og i all slags v\u00e6r. Med fokus p\u00e5 sikkerhet, kvalitet og praktiske l\u00f8sninger f\u00e5r du en bil som b\u00e5de leverer kj\u00f8reglede og t\u00e5ler t\u00f8ffe forhold. Enten du trenger en robust familiebil eller en eventyrklar SUV, finner [&hellip;]<\/p>\n","protected":false},"author":3,"featured_media":0,"parent":0,"menu_order":0,"comment_status":"closed","ping_status":"closed","template":"","meta":{"_acf_changed":false,"footnotes":""},"class_list":["post-3170","page","type-page","status-publish","hentry"],"acf":[],"yoast_head":"<!-- This site is optimized with the Yoast SEO plugin v26.9 - https:\/\/yoast.com\/product\/yoast-seo-wordpress\/ -->\n<title>Subaru - Bilkompaniet Hamar<\/title>\n<meta name=\"robots\" content=\"index, follow, max-snippet:-1, max-image-preview:large, max-video-preview:-1\" \/>\n<link rel=\"canonical\" href=\"https:\/\/demo-fredrikstadautosenter.p05.caddiesoft.com\/?page_id=3170\" \/>\n<meta property=\"og:locale\" content=\"en_US\" \/>\n<meta property=\"og:type\" content=\"article\" \/>\n<meta property=\"og:title\" content=\"Subaru - Bilkompaniet Hamar\" \/>\n<meta property=\"og:description\" content=\"Subaru \u2013 kj\u00f8reglede med full kontroll Subaru er kjent for sin legendariske firehjulstrekk, driftssikkerhet og trygghet p\u00e5 alle veier og i all slags v\u00e6r. Med fokus p\u00e5 sikkerhet, kvalitet og praktiske l\u00f8sninger f\u00e5r du en bil som b\u00e5de leverer kj\u00f8reglede og t\u00e5ler t\u00f8ffe forhold. Enten du trenger en robust familiebil eller en eventyrklar SUV, finner [&hellip;]\" \/>\n<meta property=\"og:url\" content=\"https:\/\/demo-fredrikstadautosenter.p05.caddiesoft.com\/?page_id=3170\" \/>\n<meta property=\"og:site_name\" content=\"Bilkompaniet Hamar\" \/>\n<meta property=\"article:publisher\" content=\"https:\/\/www.facebook.com\/bilkompanietlillehammer\" \/>\n<meta property=\"article:modified_time\" content=\"2025-09-15T12:20:17+00:00\" \/>\n<meta property=\"og:image\" content=\"http:\/\/demo-fredrikstadautosenter.p05.caddiesoft.com\/wp-content\/uploads\/2025\/06\/subaru_logo_hvit.webp\" \/>\n<meta name=\"twitter:card\" content=\"summary_large_image\" \/>\n<meta name=\"twitter:label1\" content=\"Est. reading time\" \/>\n\t<meta name=\"twitter:data1\" content=\"1 minute\" \/>\n<script type=\"application\/ld+json\" class=\"yoast-schema-graph\">{\"@context\":\"https:\/\/schema.org\",\"@graph\":[{\"@type\":\"WebPage\",\"@id\":\"https:\/\/demo-fredrikstadautosenter.p05.caddiesoft.com\/?page_id=3170\",\"url\":\"https:\/\/demo-fredrikstadautosenter.p05.caddiesoft.com\/?page_id=3170\",\"name\":\"Subaru - Bilkompaniet Hamar\",\"isPartOf\":{\"@id\":\"https:\/\/demo-fredrikstadautosenter.p05.caddiesoft.com\/#website\"},\"primaryImageOfPage\":{\"@id\":\"https:\/\/demo-fredrikstadautosenter.p05.caddiesoft.com\/?page_id=3170#primaryimage\"},\"image\":{\"@id\":\"https:\/\/demo-fredrikstadautosenter.p05.caddiesoft.com\/?page_id=3170#primaryimage\"},\"thumbnailUrl\":\"http:\/\/demo-fredrikstadautosenter.p05.caddiesoft.com\/wp-content\/uploads\/2025\/06\/subaru_logo_hvit.webp\",\"datePublished\":\"2025-08-28T13:54:44+00:00\",\"dateModified\":\"2025-09-15T12:20:17+00:00\",\"breadcrumb\":{\"@id\":\"https:\/\/demo-fredrikstadautosenter.p05.caddiesoft.com\/?page_id=3170#breadcrumb\"},\"inLanguage\":\"en-US\",\"potentialAction\":[{\"@type\":\"ReadAction\",\"target\":[\"https:\/\/demo-fredrikstadautosenter.p05.caddiesoft.com\/?page_id=3170\"]}]},{\"@type\":\"ImageObject\",\"inLanguage\":\"en-US\",\"@id\":\"https:\/\/demo-fredrikstadautosenter.p05.caddiesoft.com\/?page_id=3170#primaryimage\",\"url\":\"https:\/\/demo-fredrikstadautosenter.p05.caddiesoft.com\/wp-content\/uploads\/2025\/06\/subaru_logo_hvit.webp\",\"contentUrl\":\"https:\/\/demo-fredrikstadautosenter.p05.caddiesoft.com\/wp-content\/uploads\/2025\/06\/subaru_logo_hvit.webp\",\"width\":355,\"height\":268,\"caption\":\"Seks hvite stjerner i en hvit oval over store bokstaver.\"},{\"@type\":\"BreadcrumbList\",\"@id\":\"https:\/\/demo-fredrikstadautosenter.p05.caddiesoft.com\/?page_id=3170#breadcrumb\",\"itemListElement\":[{\"@type\":\"ListItem\",\"position\":1,\"name\":\"Home\",\"item\":\"https:\/\/demo-fredrikstadautosenter.p05.caddiesoft.com\/\"},{\"@type\":\"ListItem\",\"position\":2,\"name\":\"Subaru\"}]},{\"@type\":\"WebSite\",\"@id\":\"https:\/\/demo-fredrikstadautosenter.p05.caddiesoft.com\/#website\",\"url\":\"https:\/\/demo-fredrikstadautosenter.p05.caddiesoft.com\/\",\"name\":\"Bilkompaniet\",\"description\":\"\",\"publisher\":{\"@id\":\"https:\/\/demo-fredrikstadautosenter.p05.caddiesoft.com\/#organization\"},\"potentialAction\":[{\"@type\":\"SearchAction\",\"target\":{\"@type\":\"EntryPoint\",\"urlTemplate\":\"https:\/\/demo-fredrikstadautosenter.p05.caddiesoft.com\/?s={search_term_string}\"},\"query-input\":{\"@type\":\"PropertyValueSpecification\",\"valueRequired\":true,\"valueName\":\"search_term_string\"}}],\"inLanguage\":\"en-US\"},{\"@type\":\"Organization\",\"@id\":\"https:\/\/demo-fredrikstadautosenter.p05.caddiesoft.com\/#organization\",\"name\":\"Bilkompaniet\",\"url\":\"https:\/\/demo-fredrikstadautosenter.p05.caddiesoft.com\/\",\"logo\":{\"@type\":\"ImageObject\",\"inLanguage\":\"en-US\",\"@id\":\"https:\/\/demo-fredrikstadautosenter.p05.caddiesoft.com\/#\/schema\/logo\/image\/\",\"url\":\"https:\/\/demo-fredrikstadautosenter.p05.caddiesoft.com\/wp-content\/uploads\/2025\/06\/site-logo3-1.png\",\"contentUrl\":\"https:\/\/demo-fredrikstadautosenter.p05.caddiesoft.com\/wp-content\/uploads\/2025\/06\/site-logo3-1.png\",\"width\":860,\"height\":170,\"caption\":\"Bilkompaniet\"},\"image\":{\"@id\":\"https:\/\/demo-fredrikstadautosenter.p05.caddiesoft.com\/#\/schema\/logo\/image\/\"},\"sameAs\":[\"https:\/\/www.facebook.com\/bilkompanietlillehammer\",\"https:\/\/www.instagram.com\/bilkompaniet_lillehammer\/\"]}]}<\/script>\n<!-- \/ Yoast SEO plugin. -->","yoast_head_json":{"title":"Subaru - Bilkompaniet Hamar","robots":{"index":"index","follow":"follow","max-snippet":"max-snippet:-1","max-image-preview":"max-image-preview:large","max-video-preview":"max-video-preview:-1"},"canonical":"https:\/\/demo-fredrikstadautosenter.p05.caddiesoft.com\/?page_id=3170","og_locale":"en_US","og_type":"article","og_title":"Subaru - Bilkompaniet Hamar","og_description":"Subaru \u2013 kj\u00f8reglede med full kontroll Subaru er kjent for sin legendariske firehjulstrekk, driftssikkerhet og trygghet p\u00e5 alle veier og i all slags v\u00e6r. Med fokus p\u00e5 sikkerhet, kvalitet og praktiske l\u00f8sninger f\u00e5r du en bil som b\u00e5de leverer kj\u00f8reglede og t\u00e5ler t\u00f8ffe forhold. Enten du trenger en robust familiebil eller en eventyrklar SUV, finner [&hellip;]","og_url":"https:\/\/demo-fredrikstadautosenter.p05.caddiesoft.com\/?page_id=3170","og_site_name":"Bilkompaniet Hamar","article_publisher":"https:\/\/www.facebook.com\/bilkompanietlillehammer","article_modified_time":"2025-09-15T12:20:17+00:00","og_image":[{"url":"http:\/\/demo-fredrikstadautosenter.p05.caddiesoft.com\/wp-content\/uploads\/2025\/06\/subaru_logo_hvit.webp","type":"","width":"","height":""}],"twitter_card":"summary_large_image","twitter_misc":{"Est. reading time":"1 minute"},"schema":{"@context":"https:\/\/schema.org","@graph":[{"@type":"WebPage","@id":"https:\/\/demo-fredrikstadautosenter.p05.caddiesoft.com\/?page_id=3170","url":"https:\/\/demo-fredrikstadautosenter.p05.caddiesoft.com\/?page_id=3170","name":"Subaru - Bilkompaniet Hamar","isPartOf":{"@id":"https:\/\/demo-fredrikstadautosenter.p05.caddiesoft.com\/#website"},"primaryImageOfPage":{"@id":"https:\/\/demo-fredrikstadautosenter.p05.caddiesoft.com\/?page_id=3170#primaryimage"},"image":{"@id":"https:\/\/demo-fredrikstadautosenter.p05.caddiesoft.com\/?page_id=3170#primaryimage"},"thumbnailUrl":"http:\/\/demo-fredrikstadautosenter.p05.caddiesoft.com\/wp-content\/uploads\/2025\/06\/subaru_logo_hvit.webp","datePublished":"2025-08-28T13:54:44+00:00","dateModified":"2025-09-15T12:20:17+00:00","breadcrumb":{"@id":"https:\/\/demo-fredrikstadautosenter.p05.caddiesoft.com\/?page_id=3170#breadcrumb"},"inLanguage":"en-US","potentialAction":[{"@type":"ReadAction","target":["https:\/\/demo-fredrikstadautosenter.p05.caddiesoft.com\/?page_id=3170"]}]},{"@type":"ImageObject","inLanguage":"en-US","@id":"https:\/\/demo-fredrikstadautosenter.p05.caddiesoft.com\/?page_id=3170#primaryimage","url":"https:\/\/demo-fredrikstadautosenter.p05.caddiesoft.com\/wp-content\/uploads\/2025\/06\/subaru_logo_hvit.webp","contentUrl":"https:\/\/demo-fredrikstadautosenter.p05.caddiesoft.com\/wp-content\/uploads\/2025\/06\/subaru_logo_hvit.webp","width":355,"height":268,"caption":"Seks hvite stjerner i en hvit oval over store bokstaver."},{"@type":"BreadcrumbList","@id":"https:\/\/demo-fredrikstadautosenter.p05.caddiesoft.com\/?page_id=3170#breadcrumb","itemListElement":[{"@type":"ListItem","position":1,"name":"Home","item":"https:\/\/demo-fredrikstadautosenter.p05.caddiesoft.com\/"},{"@type":"ListItem","position":2,"name":"Subaru"}]},{"@type":"WebSite","@id":"https:\/\/demo-fredrikstadautosenter.p05.caddiesoft.com\/#website","url":"https:\/\/demo-fredrikstadautosenter.p05.caddiesoft.com\/","name":"Bilkompaniet","description":"","publisher":{"@id":"https:\/\/demo-fredrikstadautosenter.p05.caddiesoft.com\/#organization"},"potentialAction":[{"@type":"SearchAction","target":{"@type":"EntryPoint","urlTemplate":"https:\/\/demo-fredrikstadautosenter.p05.caddiesoft.com\/?s={search_term_string}"},"query-input":{"@type":"PropertyValueSpecification","valueRequired":true,"valueName":"search_term_string"}}],"inLanguage":"en-US"},{"@type":"Organization","@id":"https:\/\/demo-fredrikstadautosenter.p05.caddiesoft.com\/#organization","name":"Bilkompaniet","url":"https:\/\/demo-fredrikstadautosenter.p05.caddiesoft.com\/","logo":{"@type":"ImageObject","inLanguage":"en-US","@id":"https:\/\/demo-fredrikstadautosenter.p05.caddiesoft.com\/#\/schema\/logo\/image\/","url":"https:\/\/demo-fredrikstadautosenter.p05.caddiesoft.com\/wp-content\/uploads\/2025\/06\/site-logo3-1.png","contentUrl":"https:\/\/demo-fredrikstadautosenter.p05.caddiesoft.com\/wp-content\/uploads\/2025\/06\/site-logo3-1.png","width":860,"height":170,"caption":"Bilkompaniet"},"image":{"@id":"https:\/\/demo-fredrikstadautosenter.p05.caddiesoft.com\/#\/schema\/logo\/image\/"},"sameAs":["https:\/\/www.facebook.com\/bilkompanietlillehammer","https:\/\/www.instagram.com\/bilkompaniet_lillehammer\/"]}]}},"_links":{"self":[{"href":"https:\/\/demo-fredrikstadautosenter.p05.caddiesoft.com\/index.php?rest_route=\/wp\/v2\/pages\/3170","targetHints":{"allow":["GET"]}}],"collection":[{"href":"https:\/\/demo-fredrikstadautosenter.p05.caddiesoft.com\/index.php?rest_route=\/wp\/v2\/pages"}],"about":[{"href":"https:\/\/demo-fredrikstadautosenter.p05.caddiesoft.com\/index.php?rest_route=\/wp\/v2\/types\/page"}],"author":[{"embeddable":true,"href":"https:\/\/demo-fredrikstadautosenter.p05.caddiesoft.com\/index.php?rest_route=\/wp\/v2\/users\/3"}],"replies":[{"embeddable":true,"href":"https:\/\/demo-fredrikstadautosenter.p05.caddiesoft.com\/index.php?rest_route=%2Fwp%2Fv2%2Fcomments&post=3170"}],"version-history":[{"count":28,"href":"https:\/\/demo-fredrikstadautosenter.p05.caddiesoft.com\/index.php?rest_route=\/wp\/v2\/pages\/3170\/revisions"}],"predecessor-version":[{"id":3374,"href":"https:\/\/demo-fredrikstadautosenter.p05.caddiesoft.com\/index.php?rest_route=\/wp\/v2\/pages\/3170\/revisions\/3374"}],"wp:attachment":[{"href":"https:\/\/demo-fredrikstadautosenter.p05.caddiesoft.com\/index.php?rest_route=%2Fwp%2Fv2%2Fmedia&parent=3170"}],"curies":[{"name":"wp","href":"https:\/\/api.w.org\/{rel}","templated":true}]}}